{"id":4984,"date":"2020-11-20T18:04:37","date_gmt":"2020-11-20T18:04:37","guid":{"rendered":"https:\/\/kaumahome.com\/?post_type=product&#038;p=4984"},"modified":"2020-12-02T22:50:37","modified_gmt":"2020-12-02T22:50:37","slug":"mesa-de-centro-de-hierro-y-madera-kemi","status":"publish","type":"product","link":"https:\/\/kaumahome.com\/index.php\/producto\/mesa-de-centro-de-hierro-y-madera-kemi\/","title":{"rendered":"Mesa de centro rectangular de hierro y madera Kemi"},"content":{"rendered":"<p>Mesa de centro para colocar delante del sof\u00e1 y crear un sal\u00f3n pr\u00e1ctico y de dise\u00f1o moderno. Su estructura met\u00e1lica es visualmente ligera al mismo tiempo que es muy resistente y tiene un acabado de hierro natural con soldaduras vistas y con un barniz incoloro. El sobre de madera de roble est\u00e1 acabado con barniz al agua, sin disolventes, y es perfecto para aportar un toque c\u00e1lido al sal\u00f3n. La mesa incorpora unos reguladores para que quede perfectamente asentada en su sitio.<\/p>\n<p>Este modelo est\u00e1 disponible en mesa de centro rectangular en varias medidas. Si las medidas o el color no encajan con tu hogar, recuerda que en el apartado A medida te la podemos adaptar 100 % a tus necesidades.<\/p>\n<p>&nbsp;<\/p>\n<h2><em>\u201cMesa de centro con sobre de madera y patas de hierro ideal para salones actuales\u201d<\/em><\/h2>\n","protected":false},"excerpt":{"rendered":"<p>Mesa de centro rectangular con estructura de metal en acabado crudo, protegido con una capa de barniz incoloro, y sobre de madera de roble con barniz al agua. Reguladores incluidos.<\/p>\n","protected":false},"featured_media":5059,"comment_status":"open","ping_status":"closed","template":"","meta":[],"_links":{"self":[{"href":"https:\/\/kaumahome.com\/index.php\/wp-json\/wp\/v2\/product\/4984"}],"collection":[{"href":"https:\/\/kaumahome.com\/index.php\/wp-json\/wp\/v2\/product"}],"about":[{"href":"https:\/\/kaumahome.com\/index.php\/wp-json\/wp\/v2\/types\/product"}],"replies":[{"embeddable":true,"href":"https:\/\/kaumahome.com\/index.php\/wp-json\/wp\/v2\/comments?post=4984"}],"version-history":[{"count":5,"href":"https:\/\/kaumahome.com\/index.php\/wp-json\/wp\/v2\/product\/4984\/revisions"}],"predecessor-version":[{"id":5104,"href":"https:\/\/kaumahome.com\/index.php\/wp-json\/wp\/v2\/product\/4984\/revisions\/5104"}],"wp:featuredmedia":[{"embeddable":true,"href":"https:\/\/kaumahome.com\/index.php\/wp-json\/wp\/v2\/media\/5059"}],"wp:attachment":[{"href":"https:\/\/kaumahome.com\/index.php\/wp-json\/wp\/v2\/media?parent=4984"}],"curies":[{"name":"wp","href":"https:\/\/api.w.org\/{rel}","templated":true}]}}